{"id":2516,"date":"2025-07-11T11:47:01","date_gmt":"2025-07-11T11:47:01","guid":{"rendered":"https:\/\/misrubber.com\/?page_id=2516"},"modified":"2026-04-04T09:59:54","modified_gmt":"2026-04-04T09:59:54","slug":"our-team","status":"publish","type":"page","link":"https:\/\/misrubber.com\/fr\/our-team\/","title":{"rendered":"Our Team"},"content":{"rendered":"<div data-elementor-type=\"wp-page\" data-elementor-id=\"2516\" class=\"elementor elementor-2516\" data-elementor-post-type=\"page\">\n\t\t\t\t<div class=\"elementor-element elementor-element-c2df0c4 e-flex e-con-boxed e-con e-parent\" data-id=\"c2df0c4\" data-element_type=\"container\">\n\t\t\t\t\t<div class=\"e-con-inner\">\n\t\t\t\t<div class=\"elementor-element elementor-element-fefe777 elementor-widget elementor-widget-text-editor\" data-id=\"fefe777\" data-element_type=\"widget\" data-widget_type=\"text-editor.default\">\n\t\t\t\t\t\t\t\t\t<p>Nous tenons \u00e0 remercier nos 180 employ\u00e9s pour leur travail acharn\u00e9, et nous guiderons l'\u00e9quipe pour produire de meilleurs produits en caoutchouc. Une bonne qualit\u00e9 est la base d'une entreprise, un bon service est la renomm\u00e9e d'une entreprise, et de bons produits peuvent bien servir le monde !<\/p>\t\t\t\t\t\t\t\t<\/div>\n\t\t\t\t\t<\/div>\n\t\t\t\t<\/div>\n\t\t<div class=\"elementor-element elementor-element-50cade4 e-flex e-con-boxed e-con e-parent\" data-id=\"50cade4\" data-element_type=\"container\">\n\t\t\t\t\t<div class=\"e-con-inner\">\n\t\t<div class=\"elementor-element elementor-element-848611f e-grid e-con-full e-con e-child\" data-id=\"848611f\" data-element_type=\"container\">\n\t\t\t\t<div class=\"elementor-element elementor-element-393b92c elementor-position-top elementor-widget elementor-widget-image-box\" data-id=\"393b92c\" data-element_type=\"widget\" data-widget_type=\"image-box.default\">\n\t\t\t\t\t<div class=\"elementor-image-box-wrapper\"><figure class=\"elementor-image-box-img\"><img fetchpriority=\"high\" decoding=\"async\" width=\"1643\" height=\"2189\" src=\"https:\/\/misrubber.com\/wp-content\/uploads\/2026\/04\/abbas.jpg\" class=\"elementor-animation-grow attachment-full size-full wp-image-3924\" alt=\"\" srcset=\"https:\/\/misrubber.com\/wp-content\/uploads\/2026\/04\/abbas.jpg 1643w, https:\/\/misrubber.com\/wp-content\/uploads\/2026\/04\/abbas-225x300.jpg 225w, https:\/\/misrubber.com\/wp-content\/uploads\/2026\/04\/abbas-769x1024.jpg 769w, https:\/\/misrubber.com\/wp-content\/uploads\/2026\/04\/abbas-768x1023.jpg 768w, https:\/\/misrubber.com\/wp-content\/uploads\/2026\/04\/abbas-1153x1536.jpg 1153w, https:\/\/misrubber.com\/wp-content\/uploads\/2026\/04\/abbas-1537x2048.jpg 1537w, https:\/\/misrubber.com\/wp-content\/uploads\/2026\/04\/abbas-9x12.jpg 9w, https:\/\/misrubber.com\/wp-content\/uploads\/2026\/04\/abbas-285x380.jpg 285w, https:\/\/misrubber.com\/wp-content\/uploads\/2026\/04\/abbas-1600x2132.jpg 1600w, https:\/\/misrubber.com\/wp-content\/uploads\/2026\/04\/abbas-495x660.jpg 495w, https:\/\/misrubber.com\/wp-content\/uploads\/2026\/04\/abbas-113x150.jpg 113w\" sizes=\"(max-width: 1643px) 100vw, 1643px\" \/><\/figure><div class=\"elementor-image-box-content\"><h4 class=\"elementor-image-box-title\">Mohammed Abbas<\/h4><p class=\"elementor-image-box-description\">Directeur du march\u00e9 \u00e9tranger<\/p><\/div><\/div>\t\t\t\t<\/div>\n\t\t\t\t<div class=\"elementor-element elementor-element-adb92dc elementor-position-top elementor-widget elementor-widget-image-box\" data-id=\"adb92dc\" data-element_type=\"widget\" data-widget_type=\"image-box.default\">\n\t\t\t\t\t<div class=\"elementor-image-box-wrapper\"><figure class=\"elementor-image-box-img\"><img decoding=\"async\" width=\"600\" height=\"800\" src=\"https:\/\/misrubber.com\/wp-content\/uploads\/2025\/07\/d9b272e80b41f63188cd1e63584fb1b0.jpg\" class=\"elementor-animation-grow attachment-full size-full wp-image-2520\" alt=\"\" srcset=\"https:\/\/misrubber.com\/wp-content\/uploads\/2025\/07\/d9b272e80b41f63188cd1e63584fb1b0.jpg 600w, https:\/\/misrubber.com\/wp-content\/uploads\/2025\/07\/d9b272e80b41f63188cd1e63584fb1b0-113x150.jpg 113w, https:\/\/misrubber.com\/wp-content\/uploads\/2025\/07\/d9b272e80b41f63188cd1e63584fb1b0-495x660.jpg 495w, https:\/\/misrubber.com\/wp-content\/uploads\/2025\/07\/d9b272e80b41f63188cd1e63584fb1b0-225x300.jpg 225w, https:\/\/misrubber.com\/wp-content\/uploads\/2025\/07\/d9b272e80b41f63188cd1e63584fb1b0-285x380.jpg 285w\" sizes=\"(max-width: 600px) 100vw, 600px\" \/><\/figure><div class=\"elementor-image-box-content\"><h4 class=\"elementor-image-box-title\">ShaoYu<\/h4><p class=\"elementor-image-box-description\">Directeur international<\/p><\/div><\/div>\t\t\t\t<\/div>\n\t\t\t\t<div class=\"elementor-element elementor-element-406037a elementor-position-top elementor-widget elementor-widget-image-box\" data-id=\"406037a\" data-element_type=\"widget\" data-widget_type=\"image-box.default\">\n\t\t\t\t\t<div class=\"elementor-image-box-wrapper\"><figure class=\"elementor-image-box-img\"><img decoding=\"async\" width=\"600\" height=\"800\" src=\"https:\/\/misrubber.com\/wp-content\/uploads\/2025\/07\/\u5fae\u4fe1\u56fe\u7247_20241113062637.jpg\" class=\"elementor-animation-grow attachment-full size-full wp-image-2521\" alt=\"\" srcset=\"https:\/\/misrubber.com\/wp-content\/uploads\/2025\/07\/\u5fae\u4fe1\u56fe\u7247_20241113062637.jpg 600w, https:\/\/misrubber.com\/wp-content\/uploads\/2025\/07\/\u5fae\u4fe1\u56fe\u7247_20241113062637-113x150.jpg 113w, https:\/\/misrubber.com\/wp-content\/uploads\/2025\/07\/\u5fae\u4fe1\u56fe\u7247_20241113062637-495x660.jpg 495w, https:\/\/misrubber.com\/wp-content\/uploads\/2025\/07\/\u5fae\u4fe1\u56fe\u7247_20241113062637-225x300.jpg 225w, https:\/\/misrubber.com\/wp-content\/uploads\/2025\/07\/\u5fae\u4fe1\u56fe\u7247_20241113062637-285x380.jpg 285w\" sizes=\"(max-width: 600px) 100vw, 600px\" \/><\/figure><div class=\"elementor-image-box-content\"><h4 class=\"elementor-image-box-title\">Vivian<\/h4><p class=\"elementor-image-box-description\">Responsable du laboratoire<\/p><\/div><\/div>\t\t\t\t<\/div>\n\t\t\t\t<div class=\"elementor-element elementor-element-a7b7d27 elementor-position-top elementor-widget elementor-widget-image-box\" data-id=\"a7b7d27\" data-element_type=\"widget\" data-widget_type=\"image-box.default\">\n\t\t\t\t\t<div class=\"elementor-image-box-wrapper\"><figure class=\"elementor-image-box-img\"><img loading=\"lazy\" decoding=\"async\" width=\"600\" height=\"800\" src=\"https:\/\/misrubber.com\/wp-content\/uploads\/2025\/07\/\u5fae\u4fe1\u56fe\u7247_202411130626373.jpg\" class=\"elementor-animation-grow attachment-full size-full wp-image-2524\" alt=\"\" srcset=\"https:\/\/misrubber.com\/wp-content\/uploads\/2025\/07\/\u5fae\u4fe1\u56fe\u7247_202411130626373.jpg 600w, https:\/\/misrubber.com\/wp-content\/uploads\/2025\/07\/\u5fae\u4fe1\u56fe\u7247_202411130626373-113x150.jpg 113w, https:\/\/misrubber.com\/wp-content\/uploads\/2025\/07\/\u5fae\u4fe1\u56fe\u7247_202411130626373-495x660.jpg 495w, https:\/\/misrubber.com\/wp-content\/uploads\/2025\/07\/\u5fae\u4fe1\u56fe\u7247_202411130626373-225x300.jpg 225w, https:\/\/misrubber.com\/wp-content\/uploads\/2025\/07\/\u5fae\u4fe1\u56fe\u7247_202411130626373-285x380.jpg 285w\" sizes=\"(max-width: 600px) 100vw, 600px\" \/><\/figure><div class=\"elementor-image-box-content\"><h4 class=\"elementor-image-box-title\">Lucy<\/h4><p class=\"elementor-image-box-description\">Chef du EPR<\/p><\/div><\/div>\t\t\t\t<\/div>\n\t\t\t\t<div class=\"elementor-element elementor-element-08cc1d5 elementor-position-top elementor-widget elementor-widget-image-box\" data-id=\"08cc1d5\" data-element_type=\"widget\" data-widget_type=\"image-box.default\">\n\t\t\t\t\t<div class=\"elementor-image-box-wrapper\"><figure class=\"elementor-image-box-img\"><img loading=\"lazy\" decoding=\"async\" width=\"600\" height=\"800\" src=\"https:\/\/misrubber.com\/wp-content\/uploads\/2025\/07\/\u5fae\u4fe1\u56fe\u7247_202411130626381.jpg\" class=\"elementor-animation-grow attachment-full size-full wp-image-2525\" alt=\"\" srcset=\"https:\/\/misrubber.com\/wp-content\/uploads\/2025\/07\/\u5fae\u4fe1\u56fe\u7247_202411130626381.jpg 600w, https:\/\/misrubber.com\/wp-content\/uploads\/2025\/07\/\u5fae\u4fe1\u56fe\u7247_202411130626381-113x150.jpg 113w, https:\/\/misrubber.com\/wp-content\/uploads\/2025\/07\/\u5fae\u4fe1\u56fe\u7247_202411130626381-495x660.jpg 495w, https:\/\/misrubber.com\/wp-content\/uploads\/2025\/07\/\u5fae\u4fe1\u56fe\u7247_202411130626381-225x300.jpg 225w, https:\/\/misrubber.com\/wp-content\/uploads\/2025\/07\/\u5fae\u4fe1\u56fe\u7247_202411130626381-285x380.jpg 285w\" sizes=\"(max-width: 600px) 100vw, 600px\" \/><\/figure><div class=\"elementor-image-box-content\"><h4 class=\"elementor-image-box-title\">Mr.wang<\/h4><p class=\"elementor-image-box-description\">Chefs de produit<\/p><\/div><\/div>\t\t\t\t<\/div>\n\t\t\t\t<div class=\"elementor-element elementor-element-a5ebfbf elementor-position-top elementor-widget elementor-widget-image-box\" data-id=\"a5ebfbf\" data-element_type=\"widget\" data-widget_type=\"image-box.default\">\n\t\t\t\t\t<div class=\"elementor-image-box-wrapper\"><figure class=\"elementor-image-box-img\"><img loading=\"lazy\" decoding=\"async\" width=\"600\" height=\"800\" src=\"https:\/\/misrubber.com\/wp-content\/uploads\/2025\/07\/\u5fae\u4fe1\u56fe\u7247_202411130626371.jpg\" class=\"elementor-animation-grow attachment-full size-full wp-image-2522\" alt=\"\" srcset=\"https:\/\/misrubber.com\/wp-content\/uploads\/2025\/07\/\u5fae\u4fe1\u56fe\u7247_202411130626371.jpg 600w, https:\/\/misrubber.com\/wp-content\/uploads\/2025\/07\/\u5fae\u4fe1\u56fe\u7247_202411130626371-113x150.jpg 113w, https:\/\/misrubber.com\/wp-content\/uploads\/2025\/07\/\u5fae\u4fe1\u56fe\u7247_202411130626371-495x660.jpg 495w, https:\/\/misrubber.com\/wp-content\/uploads\/2025\/07\/\u5fae\u4fe1\u56fe\u7247_202411130626371-225x300.jpg 225w, https:\/\/misrubber.com\/wp-content\/uploads\/2025\/07\/\u5fae\u4fe1\u56fe\u7247_202411130626371-285x380.jpg 285w\" sizes=\"(max-width: 600px) 100vw, 600px\" \/><\/figure><div class=\"elementor-image-box-content\"><h4 class=\"elementor-image-box-title\">Ethan<\/h4><p class=\"elementor-image-box-description\">CFO<\/p><\/div><\/div>\t\t\t\t<\/div>\n\t\t\t\t<\/div>\n\t\t\t\t\t<\/div>\n\t\t\t\t<\/div>\n\t\t\t\t<\/div>","protected":false},"excerpt":{"rendered":"<p>We would like to thank our 180 employees for their hard work and we will lead the team&#8230;<\/p>","protected":false},"author":2,"featured_media":0,"parent":0,"menu_order":0,"comment_status":"closed","ping_status":"closed","template":"","meta":{"footnotes":""},"class_list":["post-2516","page","type-page","status-publish","hentry"],"_links":{"self":[{"href":"https:\/\/misrubber.com\/fr\/wp-json\/wp\/v2\/pages\/2516","targetHints":{"allow":["GET"]}}],"collection":[{"href":"https:\/\/misrubber.com\/fr\/wp-json\/wp\/v2\/pages"}],"about":[{"href":"https:\/\/misrubber.com\/fr\/wp-json\/wp\/v2\/types\/page"}],"author":[{"embeddable":true,"href":"https:\/\/misrubber.com\/fr\/wp-json\/wp\/v2\/users\/2"}],"replies":[{"embeddable":true,"href":"https:\/\/misrubber.com\/fr\/wp-json\/wp\/v2\/comments?post=2516"}],"version-history":[{"count":44,"href":"https:\/\/misrubber.com\/fr\/wp-json\/wp\/v2\/pages\/2516\/revisions"}],"predecessor-version":[{"id":3927,"href":"https:\/\/misrubber.com\/fr\/wp-json\/wp\/v2\/pages\/2516\/revisions\/3927"}],"wp:attachment":[{"href":"https:\/\/misrubber.com\/fr\/wp-json\/wp\/v2\/media?parent=2516"}],"curies":[{"name":"wp","href":"https:\/\/api.w.org\/{rel}","templated":true}]}}